{"id":5807,"date":"2022-12-29T22:51:57","date_gmt":"2022-12-29T21:51:57","guid":{"rendered":"https:\/\/wedoprogress.com\/servicios\/"},"modified":"2024-06-12T11:21:29","modified_gmt":"2024-06-12T10:21:29","slug":"servicios","status":"publish","type":"page","link":"https:\/\/wedoprogress.com\/es\/servicios\/","title":{"rendered":"servicios"},"content":{"rendered":"\t\t<div data-elementor-type=\"wp-page\" data-elementor-id=\"5807\" class=\"elementor elementor-5807 elementor-457\" data-elementor-post-type=\"page\">\n\t\t\t\t\t\t<section class=\"elementor-section elementor-top-section elementor-element elementor-element-4f6a4a7 elementor-section-height-min-height elementor-section-boxed elementor-section-height-default elementor-section-items-middle\" data-id=\"4f6a4a7\" data-element_type=\"section\" data-e-type=\"section\" data-settings=\"{&quot;jet_parallax_layout_list&quot;:[]}\">\n\t\t\t\t\t\t<div class=\"elementor-container elementor-column-gap-no\">\n\t\t\t\t\t<div class=\"elementor-column elementor-col-100 elementor-top-column elementor-element elementor-element-4afee7a\" data-id=\"4afee7a\" data-element_type=\"column\" data-e-type=\"column\">\n\t\t\t<div class=\"elementor-widget-wrap elementor-element-populated\">\n\t\t\t\t\t\t<div class=\"elementor-element elementor-element-a3cb714 elementor-widget elementor-widget-heading\" data-id=\"a3cb714\" data-element_type=\"widget\" data-e-type=\"widget\" data-widget_type=\"heading.default\">\n\t\t\t\t\t<h1 class=\"elementor-heading-title elementor-size-default\">servicios_<\/h1>\t\t\t\t<\/div>\n\t\t\t\t<div class=\"elementor-element elementor-element-afb4fc8 elementor-widget elementor-widget-spacer\" data-id=\"afb4fc8\" data-element_type=\"widget\" data-e-type=\"widget\" data-widget_type=\"spacer.default\">\n\t\t\t\t\t\t\t<div class=\"elementor-spacer\">\n\t\t\t<div class=\"elementor-spacer-inner\"><\/div>\n\t\t<\/div>\n\t\t\t\t\t\t<\/div>\n\t\t\t\t<section class=\"elementor-section elementor-inner-section elementor-element elementor-element-d54de1b elementor-section-boxed elementor-section-height-default elementor-section-height-default\" data-id=\"d54de1b\" data-element_type=\"section\" data-e-type=\"section\" data-settings=\"{&quot;jet_parallax_layout_list&quot;:[]}\">\n\t\t\t\t\t\t<div class=\"elementor-container elementor-column-gap-default\">\n\t\t\t\t\t<div class=\"elementor-column elementor-col-33 elementor-inner-column elementor-element elementor-element-d5e6b55\" data-id=\"d5e6b55\" data-element_type=\"column\" data-e-type=\"column\">\n\t\t\t<div class=\"elementor-widget-wrap elementor-element-populated\">\n\t\t\t\t\t\t<div class=\"elementor-element elementor-element-25bb9e4 elementor-widget elementor-widget-heading\" data-id=\"25bb9e4\" data-element_type=\"widget\" data-e-type=\"widget\" data-widget_type=\"heading.default\">\n\t\t\t\t\t<h2 class=\"elementor-heading-title elementor-size-default\">Marketing digital<\/h2>\t\t\t\t<\/div>\n\t\t\t\t<div class=\"elementor-element elementor-element-013233e elementor-widget elementor-widget-heading\" data-id=\"013233e\" data-element_type=\"widget\" data-e-type=\"widget\" data-widget_type=\"heading.default\">\n\t\t\t\t\t<p class=\"elementor-heading-title elementor-size-default\">Conoce a tu cliente (Estudio de cliente)<br>\n_La estrategia de marketing a 6 meses<br>\n_Dise\u00f1o de embudo de ventas<br>\n_Gesti\u00f3n de redes sociales<br>\n_Campa\u00f1as publicitarias<br>\n_Campa\u00f1as de email<br>\n_SEO<br>\n_Externaliza tu departamento de marketing<\/p>\t\t\t\t<\/div>\n\t\t\t\t\t<\/div>\n\t\t<\/div>\n\t\t\t\t<div class=\"elementor-column elementor-col-33 elementor-inner-column elementor-element elementor-element-6ac0e89\" data-id=\"6ac0e89\" data-element_type=\"column\" data-e-type=\"column\">\n\t\t\t<div class=\"elementor-widget-wrap elementor-element-populated\">\n\t\t\t\t\t\t<div class=\"elementor-element elementor-element-cd61e34 elementor-widget elementor-widget-heading\" data-id=\"cd61e34\" data-element_type=\"widget\" data-e-type=\"widget\" data-widget_type=\"heading.default\">\n\t\t\t\t\t<h2 class=\"elementor-heading-title elementor-size-default\">Dise\u00f1o<\/h2>\t\t\t\t<\/div>\n\t\t\t\t<div class=\"elementor-element elementor-element-9260326 elementor-widget elementor-widget-heading\" data-id=\"9260326\" data-element_type=\"widget\" data-e-type=\"widget\" data-widget_type=\"heading.default\">\n\t\t\t\t\t<p class=\"elementor-heading-title elementor-size-default\">_Dise\u00f1o web<br>\n_Dise\u00f1o de tienda online<br>\n_Edici\u00f3n de v\u00eddeo<br>\n_Se\u00f1alizaci\u00f3n de tu negocio<br>\n_V\u00eddeo con dron<br>\n_Fotograf\u00eda<\/p>\t\t\t\t<\/div>\n\t\t\t\t\t<\/div>\n\t\t<\/div>\n\t\t\t\t<div class=\"elementor-column elementor-col-33 elementor-inner-column elementor-element elementor-element-a41ffff\" data-id=\"a41ffff\" data-element_type=\"column\" data-e-type=\"column\">\n\t\t\t<div class=\"elementor-widget-wrap elementor-element-populated\">\n\t\t\t\t\t\t<div class=\"elementor-element elementor-element-7066608 elementor-widget elementor-widget-heading\" data-id=\"7066608\" data-element_type=\"widget\" data-e-type=\"widget\" data-widget_type=\"heading.default\">\n\t\t\t\t\t<h2 class=\"elementor-heading-title elementor-size-default\">Consultor\u00eda digital<\/h2>\t\t\t\t<\/div>\n\t\t\t\t<div class=\"elementor-element elementor-element-9588d88 elementor-widget elementor-widget-heading\" data-id=\"9588d88\" data-element_type=\"widget\" data-e-type=\"widget\" data-widget_type=\"heading.default\">\n\t\t\t\t\t<p class=\"elementor-heading-title elementor-size-default\">_Consultor\u00eda digital<br>\n_CRM\/Base de datos<br>\n_Sistema de gesti\u00f3n de equipos y tareas;<br>\n_Automatizaci\u00f3n de procesos y tareas<br>\n_Servicios en la nube<br>\n_Implantaci\u00f3n de la IA en su empresa<br>\n_Desarrollo de MVP NoCode para startups\n_Desarrollo de software NoCode para empresas<\/p>\t\t\t\t<\/div>\n\t\t\t\t\t<\/div>\n\t\t<\/div>\n\t\t\t\t\t<\/div>\n\t\t<\/section>\n\t\t\t\t<div class=\"elementor-element elementor-element-56c1bd6 elementor-widget elementor-widget-spacer\" data-id=\"56c1bd6\" data-element_type=\"widget\" data-e-type=\"widget\" data-widget_type=\"spacer.default\">\n\t\t\t\t\t\t\t<div class=\"elementor-spacer\">\n\t\t\t<div class=\"elementor-spacer-inner\"><\/div>\n\t\t<\/div>\n\t\t\t\t\t\t<\/div>\n\t\t\t\t<div class=\"elementor-element elementor-element-9ff6fcb elementor-mobile-align-left btncontact elementor-align-right elementor-widget elementor-widget-button\" data-id=\"9ff6fcb\" data-element_type=\"widget\" data-e-type=\"widget\" data-widget_type=\"button.default\">\n\t\t\t\t\t\t\t\t\t\t<a class=\"elementor-button elementor-button-link elementor-size-sm\" href=\"https:\/\/wedoprogress.com\/es\/contacto\/\">\n\t\t\t\t\t\t<span class=\"elementor-button-content-wrapper\">\n\t\t\t\t\t\t\t\t\t<span class=\"elementor-button-text\">Te interesa? Clic para contactar<\/span>\n\t\t\t\t\t<\/span>\n\t\t\t\t\t<\/a>\n\t\t\t\t\t\t\t\t<\/div>\n\t\t\t\t<div class=\"elementor-element elementor-element-260fbd6 elementor-widget__width-auto elementor-absolute elementor-mobile-align-center elementor-widget elementor-widget-jet-lottie\" data-id=\"260fbd6\" data-element_type=\"widget\" data-e-type=\"widget\" data-settings=\"{&quot;_position&quot;:&quot;absolute&quot;}\" data-widget_type=\"jet-lottie.default\">\n\t\t\t\t<div class=\"elementor-widget-container\">\n\t\t\t\t\t<div class=\"elementor-jet-lottie jet-elements\"><div class=\"jet-lottie\" data-settings=\"{&quot;path&quot;:&quot;https:\\\/\\\/wedoprogress.com\\\/wp-content\\\/uploads\\\/2022\\\/12\\\/3x3-Cubes_Full-No-Pause_Lottie.json&quot;,&quot;renderer&quot;:&quot;svg&quot;,&quot;action_start&quot;:&quot;on_hover&quot;,&quot;delay&quot;:0,&quot;on_hover_out&quot;:&quot;pause&quot;,&quot;redirect_timeout&quot;:0,&quot;viewport&quot;:&quot;&quot;,&quot;loop&quot;:true,&quot;loop_times&quot;:&quot;&quot;,&quot;reversed&quot;:false,&quot;play_speed&quot;:1}\"><div class=\"jet-lottie__elem\"><\/div><\/div><\/div>\t\t\t\t<\/div>\n\t\t\t\t<\/div>\n\t\t\t\t<div class=\"elementor-element elementor-element-dfef96c elementor-headline--style-rotate elementor-widget__width-auto elementor-absolute elementor-widget elementor-widget-animated-headline\" data-id=\"dfef96c\" data-element_type=\"widget\" data-e-type=\"widget\" data-settings=\"{&quot;headline_style&quot;:&quot;rotate&quot;,&quot;rotating_text&quot;:&quot;#no tocar\\n#no tocar&quot;,&quot;rotate_iteration_delay&quot;:1500,&quot;_position&quot;:&quot;absolute&quot;,&quot;animation_type&quot;:&quot;typing&quot;,&quot;loop&quot;:&quot;yes&quot;}\" data-widget_type=\"animated-headline.default\">\n\t\t\t\t\t\t\t<h3 class=\"elementor-headline elementor-headline-animation-type-typing elementor-headline-letters\">\n\t\t\t\t<span class=\"elementor-headline-dynamic-wrapper elementor-headline-text-wrapper\">\n\t\t\t\t\t<span class=\"elementor-headline-dynamic-text elementor-headline-text-active\">\n\t\t\t\t#no&nbsp;tocar\t\t\t<\/span>\n\t\t\t\t\t<span class=\"elementor-headline-dynamic-text\">\n\t\t\t\t#no&nbsp;tocar\t\t\t<\/span>\n\t\t\t\t\t\t<\/span>\n\t\t\t\t<\/h3>\n\t\t\t\t\t\t<\/div>\n\t\t\t\t\t<\/div>\n\t\t<\/div>\n\t\t\t\t\t<\/div>\n\t\t<\/section>\n\t\t\t\t<\/div>\n\t\t","protected":false},"excerpt":{"rendered":"<p>servicios_ Marketing digital Conoce a tu cliente (Estudio de cliente) _La estrategia de marketing a 6 meses _Dise\u00f1o de embudo de ventas _Gesti\u00f3n de redes sociales _Campa\u00f1as publicitarias _Campa\u00f1as de email _SEO _Externaliza tu departamento de marketing Dise\u00f1o _Dise\u00f1o web _Dise\u00f1o de tienda online _Edici\u00f3n de v\u00eddeo _Se\u00f1alizaci\u00f3n de tu negocio _V\u00eddeo con dron _Fotograf\u00eda [&hellip;]<\/p>\n","protected":false},"author":1,"featured_media":0,"parent":0,"menu_order":0,"comment_status":"closed","ping_status":"closed","template":"elementor_header_footer","meta":{"footnotes":""},"class_list":["post-5807","page","type-page","status-publish","hentry"],"_links":{"self":[{"href":"https:\/\/wedoprogress.com\/es\/wp-json\/wp\/v2\/pages\/5807","targetHints":{"allow":["GET"]}}],"collection":[{"href":"https:\/\/wedoprogress.com\/es\/wp-json\/wp\/v2\/pages"}],"about":[{"href":"https:\/\/wedoprogress.com\/es\/wp-json\/wp\/v2\/types\/page"}],"author":[{"embeddable":true,"href":"https:\/\/wedoprogress.com\/es\/wp-json\/wp\/v2\/users\/1"}],"replies":[{"embeddable":true,"href":"https:\/\/wedoprogress.com\/es\/wp-json\/wp\/v2\/comments?post=5807"}],"version-history":[{"count":0,"href":"https:\/\/wedoprogress.com\/es\/wp-json\/wp\/v2\/pages\/5807\/revisions"}],"wp:attachment":[{"href":"https:\/\/wedoprogress.com\/es\/wp-json\/wp\/v2\/media?parent=5807"}],"curies":[{"name":"wp","href":"https:\/\/api.w.org\/{rel}","templated":true}]}}