{"id":5832,"date":"2023-01-15T13:31:26","date_gmt":"2023-01-15T12:31:26","guid":{"rendered":"https:\/\/wedoprogress.com\/contacto\/"},"modified":"2024-01-11T19:12:32","modified_gmt":"2024-01-11T18:12:32","slug":"contacto","status":"publish","type":"page","link":"https:\/\/wedoprogress.com\/es\/contacto\/","title":{"rendered":"contacto"},"content":{"rendered":"\t\t<div data-elementor-type=\"wp-page\" data-elementor-id=\"5832\" class=\"elementor elementor-5832 elementor-738\" data-elementor-post-type=\"page\">\n\t\t\t\t\t\t<section class=\"elementor-section elementor-top-section elementor-element elementor-element-2b7d5e6 elementor-section-height-min-height elementor-section-boxed elementor-section-height-default elementor-section-items-middle\" data-id=\"2b7d5e6\" data-element_type=\"section\" data-e-type=\"section\" data-settings=\"{&quot;jet_parallax_layout_list&quot;:[]}\">\n\t\t\t\t\t\t<div class=\"elementor-container elementor-column-gap-default\">\n\t\t\t\t\t<div class=\"elementor-column elementor-col-100 elementor-top-column elementor-element elementor-element-a76838f\" data-id=\"a76838f\" data-element_type=\"column\" data-e-type=\"column\">\n\t\t\t<div class=\"elementor-widget-wrap elementor-element-populated\">\n\t\t\t\t\t\t<div class=\"elementor-element elementor-element-d0c230a elementor-widget__width-initial elementor-widget elementor-widget-jet-form-builder-form\" data-id=\"d0c230a\" data-element_type=\"widget\" data-e-type=\"widget\" data-widget_type=\"jet-form-builder-form.default\">\n\t\t\t\t<div class=\"elementor-widget-container\">\n\t\t\t\t\t<link rel='stylesheet' id='wp-block-library-css' href='https:\/\/wedoprogress.com\/wp-includes\/css\/dist\/block-library\/style.min.css?ver=6.9.4' media='all' \/>\n<style id=\"jet-form-builder-5809-inline-css\"><\/style><form  class=\"jet-form-builder layout-column submit-type-reload\" action=\"https:\/\/wedoprogress.com\/es\/wp-json\/wp\/v2\/pages\/5832\/?7tGXdA=adyGFKiSZM&amp;method=reload\" method=\"POST\" data-form-id=\"5809\" data-layout=\"column\" enctype=\"multipart\/form-data\" novalidate=\"null\" ssr_validation_method=\"rest\">\r\n<input type=\"hidden\" name=\"_jfb_current_render_states[]\" value=\"DEFAULT.STATE\" data-jfb-sync \/><input type=\"hidden\" class=\"jet-form-builder__field hidden-field\" name=\"_jet_engine_booking_form_id\" data-field-name=\"_jet_engine_booking_form_id\" value=\"5809\">\n<input type=\"hidden\" class=\"jet-form-builder__field hidden-field\" name=\"_jet_engine_refer\" data-field-name=\"_jet_engine_refer\" value=\"https:\/\/wedoprogress.com\/es\/wp-json\/wp\/v2\/pages\/5832\/\">\n<input type=\"hidden\" class=\"jet-form-builder__field hidden-field\" name=\"__queried_post_id\" data-field-name=\"__queried_post_id\" value=\"5832\">\n\n<input type=\"hidden\" class=\"jet-form-builder__field hidden-field\" name=\"post_id\" data-field-name=\"post_id\" data-jfb-sync=\"null\" value=\"5832\">\n\n<div  class=\"jet-form-builder-row field-type-checkbox-field\" >\n<div class=\"jet-form-builder__label\">\r\n<div class=\"jet-form-builder__label-text\">how can we help you? <span class=\"jet-form-builder__required\">*<\/span><\/div><\/div><div class=\"jet-form-builder__fields-group checkradio-wrap\" data-jfb-sync><div class=\"jet-form-builder__field-wrap checkboxes-wrap checkradio-wrap\"><label class=\"jet-form-builder__field-label for-checkbox\">\n\t\t\t<input type=\"checkbox\" name=\"type[]\" value=\"Digital Marketing services\" data-field-name=\"type\"  class=\"jet-form-builder__field checkboxes-field checkradio-field\" required=\"required\"><span>Digital Marketing services<\/span><\/label><\/div><div class=\"jet-form-builder__field-wrap checkboxes-wrap checkradio-wrap\"><label class=\"jet-form-builder__field-label for-checkbox\">\n\t\t\t<input type=\"checkbox\" name=\"type[]\" value=\"Design services\" data-field-name=\"type\"  class=\"jet-form-builder__field checkboxes-field checkradio-field\" required=\"required\"><span>Design services<\/span><\/label><\/div><div class=\"jet-form-builder__field-wrap checkboxes-wrap checkradio-wrap\"><label class=\"jet-form-builder__field-label for-checkbox\">\n\t\t\t<input type=\"checkbox\" name=\"type[]\" value=\"Digital consulting services\" data-field-name=\"type\"  class=\"jet-form-builder__field checkboxes-field checkradio-field\" required=\"required\"><span>Digital consulting services<\/span><\/label><\/div><div class=\"jet-form-builder__field-wrap checkboxes-wrap checkradio-wrap\"><label class=\"jet-form-builder__field-label for-checkbox\">\n\t\t\t<input type=\"checkbox\" name=\"type[]\" value=\"Low-Code Development Services\" data-field-name=\"type\"  class=\"jet-form-builder__field checkboxes-field checkradio-field\" required=\"required\"><span>Low-Code Development Services<\/span><\/label><\/div><div class=\"jet-form-builder__field-wrap checkboxes-wrap checkradio-wrap\"><label class=\"jet-form-builder__field-label for-checkbox\">\n\t\t\t<input type=\"checkbox\" name=\"type[]\" value=\"MVP NoCode Development for Startups\" data-field-name=\"type\"  class=\"jet-form-builder__field checkboxes-field checkradio-field\" required=\"required\"><span>MVP NoCode Development for Startups<\/span><\/label><\/div><div class=\"jet-form-builder__field-wrap checkboxes-wrap checkradio-wrap\"><label class=\"jet-form-builder__field-label for-checkbox\">\n\t\t\t<input type=\"checkbox\" name=\"type[]\" value=\"Partnership\" data-field-name=\"type\"  class=\"jet-form-builder__field checkboxes-field checkradio-field\" required=\"required\"><span>Partnership<\/span><\/label><\/div><div class=\"jet-form-builder__field-wrap checkboxes-wrap checkradio-wrap\"><label class=\"jet-form-builder__field-label for-checkbox\">\n\t\t\t<input type=\"checkbox\" name=\"type[]\" value=\"1 hour one to one consultation\" data-field-name=\"type\"  class=\"jet-form-builder__field checkboxes-field checkradio-field\" required=\"required\"><span>1 hour one to one consultation for 200$<\/span><\/label><\/div><div class=\"jet-form-builder__field-wrap checkboxes-wrap checkradio-wrap\"><label class=\"jet-form-builder__field-label for-checkbox\">\n\t\t\t<input type=\"checkbox\" name=\"type[]\" value=\"Other type of inquiry\" data-field-name=\"type\"  class=\"jet-form-builder__field checkboxes-field checkradio-field\" required=\"required\"><span>Other type of inquiry<\/span><\/label><\/div><\/div>\n<\/div><div  class=\"jet-form-builder-row field-type-radio-field wp-block-jet-forms-radio-field\">\n<div class=\"jet-form-builder__label\">\r\n<div class=\"jet-form-builder__label-text\">How many people are working in your company? <span class=\"jet-form-builder__required\">*<\/span><\/div><\/div><div class=\"jet-form-builder__fields-group checkradio-wrap\" data-jfb-sync><div class=\"jet-form-builder__field-wrap radio-wrap checkradio-wrap\"><label class=\"jet-form-builder__field-label for-radio\">\n<input type=\"radio\" name=\"employees\" value=\"1\" data-field-name=\"employees\"  class=\"jet-form-builder__field radio-field checkradio-field\" required=\"required\"><span>S\u00f3lo yo<\/span><\/label><\/div><div class=\"jet-form-builder__field-wrap radio-wrap checkradio-wrap\"><label class=\"jet-form-builder__field-label for-radio\">\n<input type=\"radio\" name=\"employees\" value=\"2-5\" data-field-name=\"employees\"  class=\"jet-form-builder__field radio-field checkradio-field\" required=\"required\"><span>2-5<\/span><\/label><\/div><div class=\"jet-form-builder__field-wrap radio-wrap checkradio-wrap\"><label class=\"jet-form-builder__field-label for-radio\">\n<input type=\"radio\" name=\"employees\" value=\"6-20\" data-field-name=\"employees\"  class=\"jet-form-builder__field radio-field checkradio-field\" required=\"required\"><span>6-20<\/span><\/label><\/div><div class=\"jet-form-builder__field-wrap radio-wrap checkradio-wrap\"><label class=\"jet-form-builder__field-label for-radio\">\n<input type=\"radio\" name=\"employees\" value=\"21-50\" data-field-name=\"employees\"  class=\"jet-form-builder__field radio-field checkradio-field\" required=\"required\"><span>21-50<\/span><\/label><\/div><div class=\"jet-form-builder__field-wrap radio-wrap checkradio-wrap\"><label class=\"jet-form-builder__field-label for-radio\">\n<input type=\"radio\" name=\"employees\" value=\"51-200\" data-field-name=\"employees\"  class=\"jet-form-builder__field radio-field checkradio-field\" required=\"required\"><span>51-200<\/span><\/label><\/div><div class=\"jet-form-builder__field-wrap radio-wrap checkradio-wrap\"><label class=\"jet-form-builder__field-label for-radio\">\n<input type=\"radio\" name=\"employees\" value=\"201-1000\" data-field-name=\"employees\"  class=\"jet-form-builder__field radio-field checkradio-field\" required=\"required\"><span>201-1000<\/span><\/label><\/div><div class=\"jet-form-builder__field-wrap radio-wrap checkradio-wrap\"><label class=\"jet-form-builder__field-label for-radio\">\n<input type=\"radio\" name=\"employees\" value=\"1000+\" data-field-name=\"employees\"  class=\"jet-form-builder__field radio-field checkradio-field\" required=\"required\"><span>1000+<\/span><\/label><\/div><\/div>\n<\/div><div  class=\"jet-form-builder-row field-type-text-field\" >\n<div class=\"jet-form-builder__label\">\r\n<div class=\"jet-form-builder__label-text\">In 1-3 words, what is your product\/service?<\/div><\/div><div class=\"jet-form-builder__field-wrap\">\n\t\t\t\t<input placeholder=\"ex...Restaurant\" name=\"product\" id=\"product\" type=\"text\" data-field-name=\"product\" class=\"jet-form-builder__field text-field\" data-jfb-sync=\"null\" autocomplete=\"off_47LPYOxI\">\n\t\t\t\t\t<\/div>\n<\/div><div  class=\"jet-form-builder-row field-type-text-field\" >\n<div class=\"jet-form-builder__label\">\r\n<div class=\"jet-form-builder__label-text\">Name <span class=\"jet-form-builder__required\">*<\/span><\/div><\/div><div class=\"jet-form-builder__field-wrap\">\n\t\t\t\t<input placeholder=\"ex: Freddie Mercury\" required=\"required\" name=\"name\" id=\"name\" type=\"text\" data-field-name=\"name\" class=\"jet-form-builder__field text-field\" data-jfb-sync=\"null\" autocomplete=\"off_HKAnLdbp\">\n\t\t\t\t\t<\/div>\n<\/div><div  class=\"jet-form-builder-row field-type-text-field\" >\n<div class=\"jet-form-builder__label\">\r\n<div class=\"jet-form-builder__label-text\">Email <span class=\"jet-form-builder__required\">*<\/span><\/div><\/div><div class=\"jet-form-builder__field-wrap\">\n\t\t\t\t<input placeholder=\"ex: freddie@isalegend.com\" required=\"required\" name=\"email\" id=\"email\" type=\"email\" data-field-name=\"email\" class=\"jet-form-builder__field text-field\" data-jfb-sync=\"null\" autocomplete=\"off_wVjosfHQ\">\n\t\t\t\t\t<\/div>\n<\/div><div  class=\"jet-form-builder-row field-type-text-field\" >\n<div class=\"jet-form-builder__label\">\r\n<div class=\"jet-form-builder__label-text\">Phone number <span class=\"jet-form-builder__required\">*<\/span><\/div><\/div><div class=\"jet-form-builder__field-wrap\">\n\t\t\t\t<input placeholder=\"ex: +1 314 159 2653\" required=\"required\" name=\"phone\" id=\"phone\" type=\"tel\" data-field-name=\"phone\" class=\"jet-form-builder__field text-field\" data-jfb-sync=\"null\" autocomplete=\"off_p9bVu2ZX\">\n\t\t\t\t\t<\/div>\n<\/div><div class=\"jfb-visually-hidden\" tabindex=\"-1\"><div class=\"jet-form-builder__field-wrap\">\n\t\t\t\t<input name=\"_email\" id=\"_email\" type=\"email\" data-field-name=\"_email\" class=\"jet-form-builder__field text-field\" data-jfb-sync=\"null\" autocomplete=\"off_62xwzNIy\">\n\t\t\t\t\t<\/div><\/div><div  class=\"jet-form-builder-row field-type-submit-field\" >\n\t<div data-type=\"submit\" class=\"jet-form-builder__action-button-wrapper jet-form-builder__submit-wrap\">\n\t<button class=\"jet-form-builder__action-button jet-form-builder__submit submit-type-reload\" type=\"submit\">Ready<\/button>\n\t<\/div>\n\t\n<\/div>\n<p><\/p>\n\n<p>Este sitio est\u00e1 protegido por reCAPTCHA y el <a rel=\"noreferrer noopener nofollow\" href=\"https:\/\/policies.google.com\/privacy\" target=\"_blank\">Pol\u00edtica de privacidad de Google<\/a>. <a rel=\"noreferrer noopener nofollow\" href=\"https:\/\/policies.google.com\/terms\" target=\"_blank\">Condiciones del servicio<\/a> aplican.<br\/>Al enviar este formulario acepta nuestra <a rel=\"noreferrer noopener\" href=\"https:\/\/wedoprogress.com\/privacy-policy\/\" target=\"_blank\">pol\u00edtica de privacidad.<\/a><\/p>\n\t<div class=\"jet-form-builder-messages-wrap\" data-form-id=\"5809\"><\/div>\n<\/form>\n\t\t\t\t<\/div>\n\t\t\t\t<\/div>\n\t\t\t\t\t<\/div>\n\t\t<\/div>\n\t\t\t\t\t<\/div>\n\t\t<\/section>\n\t\t\t\t<\/div>\n\t\t","protected":false},"excerpt":{"rendered":"<p>\u00bfC\u00f3mo podemos ayudarte? * Servicios de marketing digital Servicios de dise\u00f1o Consultor\u00eda digital Partnership 1 hora de consulta individual por 200\u20ac Otro tipo de consulta \u00bfCu\u00e1ntas personas trabajan en tu empresa? * Just me 2-5 6-20 21-50 51-200 201-1000 1000+ En 1-3 palabras, \u00bfcu\u00e1l es su producto\/servicio? Name * Email * N\u00famero de tel\u00e9fono * [&hellip;]<\/p>\n","protected":false},"author":1,"featured_media":0,"parent":0,"menu_order":0,"comment_status":"closed","ping_status":"closed","template":"","meta":{"footnotes":""},"class_list":["post-5832","page","type-page","status-publish","hentry"],"_links":{"self":[{"href":"https:\/\/wedoprogress.com\/es\/wp-json\/wp\/v2\/pages\/5832","targetHints":{"allow":["GET"]}}],"collection":[{"href":"https:\/\/wedoprogress.com\/es\/wp-json\/wp\/v2\/pages"}],"about":[{"href":"https:\/\/wedoprogress.com\/es\/wp-json\/wp\/v2\/types\/page"}],"author":[{"embeddable":true,"href":"https:\/\/wedoprogress.com\/es\/wp-json\/wp\/v2\/users\/1"}],"replies":[{"embeddable":true,"href":"https:\/\/wedoprogress.com\/es\/wp-json\/wp\/v2\/comments?post=5832"}],"version-history":[{"count":0,"href":"https:\/\/wedoprogress.com\/es\/wp-json\/wp\/v2\/pages\/5832\/revisions"}],"wp:attachment":[{"href":"https:\/\/wedoprogress.com\/es\/wp-json\/wp\/v2\/media?parent=5832"}],"curies":[{"name":"wp","href":"https:\/\/api.w.org\/{rel}","templated":true}]}}